{"id":10399,"date":"2026-02-20T10:44:55","date_gmt":"2026-02-20T10:44:55","guid":{"rendered":"https:\/\/viknavel.ee\/?post_type=product&#038;p=10399"},"modified":"2026-02-20T11:10:44","modified_gmt":"2026-02-20T11:10:44","slug":"tassi-paaride-2tk-kompl-kiss-kuld-ja-must","status":"publish","type":"product","link":"https:\/\/viknavel.ee\/ru\/product\/tassi-paaride-2tk-kompl-kiss-kuld-ja-must\/","title":{"rendered":"Tassi paaride 2tk kompl Kiss kuld ja must"},"content":{"rendered":"","protected":false},"excerpt":{"rendered":"<p>Komplekt kahest tassist koos taldrikuga Gustav Klimti &#8220;Suudlus&#8221; musta ja kuldse disainiga. Need peened tassid, millel on mugav k\u00e4epide, mahutavad 250 ml. Suurep\u00e4rane kingitus paarile Pulma-aastap\u00e4evaks v\u00f5i S\u00f5brap\u00e4evaks!<\/p>\n","protected":false},"featured_media":10400,"template":"","meta":[],"product_brand":[],"product_cat":[322],"product_tag":[],"class_list":{"0":"post-10399","1":"product","2":"type-product","3":"status-publish","4":"has-post-thumbnail","6":"product_cat-gustav_klimt_dishes","8":"first","9":"instock","10":"shipping-taxable","11":"purchasable","12":"product-type-simple"},"yoast_head":"<!-- This site is optimized with the Yoast SEO plugin v27.1.1 - https:\/\/yoast.com\/product\/yoast-seo-wordpress\/ -->\n<title>Tassi paaride 2tk kompl Kiss kuld ja must &#183; https:\/\/viknavel.ee<\/title>\n<meta name=\"robots\" content=\"index, follow, max-snippet:-1, max-image-preview:large, max-video-preview:-1\" \/>\n<link rel=\"canonical\" href=\"https:\/\/viknavel.ee\/ru\/product\/tassi-paaride-2tk-kompl-kiss-kuld-ja-must\/\" \/>\n<meta property=\"og:locale\" content=\"ru_RU\" \/>\n<meta property=\"og:type\" content=\"article\" \/>\n<meta property=\"og:title\" content=\"Tassi paaride 2tk kompl Kiss kuld ja must &#183; https:\/\/viknavel.ee\" \/>\n<meta property=\"og:description\" content=\"Komplekt kahest tassist koos taldrikuga Gustav Klimti &quot;Suudlus&quot; musta ja kuldse disainiga. Need peened tassid, millel on mugav k\u00e4epide, mahutavad 250 ml. Suurep\u00e4rane kingitus paarile Pulma-aastap\u00e4evaks v\u00f5i S\u00f5brap\u00e4evaks!\" \/>\n<meta property=\"og:url\" content=\"https:\/\/viknavel.ee\/ru\/product\/tassi-paaride-2tk-kompl-kiss-kuld-ja-must\/\" \/>\n<meta property=\"og:site_name\" content=\"https:\/\/viknavel.ee\" \/>\n<meta property=\"article:modified_time\" content=\"2026-02-20T11:10:44+00:00\" \/>\n<meta property=\"og:image\" content=\"https:\/\/viknavel.ee\/wp-content\/uploads\/2026\/02\/Tassi_paaride_-must_kuld-Viknavel.ee_.png\" \/>\n\t<meta property=\"og:image:width\" content=\"573\" \/>\n\t<meta property=\"og:image:height\" content=\"400\" \/>\n\t<meta property=\"og:image:type\" content=\"image\/png\" \/>\n<meta name=\"twitter:card\" content=\"summary_large_image\" \/>\n<script type=\"application\/ld+json\" class=\"yoast-schema-graph\">{\"@context\":\"https:\/\/schema.org\",\"@graph\":[{\"@type\":\"WebPage\",\"@id\":\"https:\/\/viknavel.ee\/ru\/product\/tassi-paaride-2tk-kompl-kiss-kuld-ja-must\/\",\"url\":\"https:\/\/viknavel.ee\/ru\/product\/tassi-paaride-2tk-kompl-kiss-kuld-ja-must\/\",\"name\":\"Tassi paaride 2tk kompl Kiss kuld ja must &#183; https:\/\/viknavel.ee\",\"isPartOf\":{\"@id\":\"https:\/\/viknavel.ee\/ru\/#website\"},\"primaryImageOfPage\":{\"@id\":\"https:\/\/viknavel.ee\/ru\/product\/tassi-paaride-2tk-kompl-kiss-kuld-ja-must\/#primaryimage\"},\"image\":{\"@id\":\"https:\/\/viknavel.ee\/ru\/product\/tassi-paaride-2tk-kompl-kiss-kuld-ja-must\/#primaryimage\"},\"thumbnailUrl\":\"https:\/\/viknavel.ee\/wp-content\/uploads\/2026\/02\/Tassi_paaride_-must_kuld-Viknavel.ee_.png\",\"datePublished\":\"2026-02-20T10:44:55+00:00\",\"dateModified\":\"2026-02-20T11:10:44+00:00\",\"breadcrumb\":{\"@id\":\"https:\/\/viknavel.ee\/ru\/product\/tassi-paaride-2tk-kompl-kiss-kuld-ja-must\/#breadcrumb\"},\"inLanguage\":\"ru-RU\",\"potentialAction\":[{\"@type\":\"ReadAction\",\"target\":[\"https:\/\/viknavel.ee\/ru\/product\/tassi-paaride-2tk-kompl-kiss-kuld-ja-must\/\"]}]},{\"@type\":\"ImageObject\",\"inLanguage\":\"ru-RU\",\"@id\":\"https:\/\/viknavel.ee\/ru\/product\/tassi-paaride-2tk-kompl-kiss-kuld-ja-must\/#primaryimage\",\"url\":\"https:\/\/viknavel.ee\/wp-content\/uploads\/2026\/02\/Tassi_paaride_-must_kuld-Viknavel.ee_.png\",\"contentUrl\":\"https:\/\/viknavel.ee\/wp-content\/uploads\/2026\/02\/Tassi_paaride_-must_kuld-Viknavel.ee_.png\",\"width\":573,\"height\":400},{\"@type\":\"BreadcrumbList\",\"@id\":\"https:\/\/viknavel.ee\/ru\/product\/tassi-paaride-2tk-kompl-kiss-kuld-ja-must\/#breadcrumb\",\"itemListElement\":[{\"@type\":\"ListItem\",\"position\":1,\"name\":\"\u0413\u043b\u0430\u0432\u043d\u0430\u044f \u0441\u0442\u0440\u0430\u043d\u0438\u0446\u0430\",\"item\":\"https:\/\/viknavel.ee\/ru\/\"},{\"@type\":\"ListItem\",\"position\":2,\"name\":\"\u041c\u0430\u0433\u0430\u0437\u0438\u043d\",\"item\":\"https:\/\/viknavel.ee\/magazin\/\"},{\"@type\":\"ListItem\",\"position\":3,\"name\":\"Tassi paaride 2tk kompl Kiss kuld ja must\"}]},{\"@type\":\"WebSite\",\"@id\":\"https:\/\/viknavel.ee\/ru\/#website\",\"url\":\"https:\/\/viknavel.ee\/ru\/\",\"name\":\"https:\/\/viknavel.ee\/\",\"description\":\"\u041f\u043e\u0434\u0430\u0440\u043a\u0438 \u044d\u043a\u0441\u043a\u043b\u044e\u0437\u0438\u0432\u043d\u044b\u0435\",\"publisher\":{\"@id\":\"https:\/\/viknavel.ee\/ru\/#organization\"},\"potentialAction\":[{\"@type\":\"SearchAction\",\"target\":{\"@type\":\"EntryPoint\",\"urlTemplate\":\"https:\/\/viknavel.ee\/ru\/?s={search_term_string}\"},\"query-input\":{\"@type\":\"PropertyValueSpecification\",\"valueRequired\":true,\"valueName\":\"search_term_string\"}}],\"inLanguage\":\"ru-RU\"},{\"@type\":\"Organization\",\"@id\":\"https:\/\/viknavel.ee\/ru\/#organization\",\"name\":\"Viknavel O\u00dc\",\"url\":\"https:\/\/viknavel.ee\/ru\/\",\"logo\":{\"@type\":\"ImageObject\",\"inLanguage\":\"ru-RU\",\"@id\":\"https:\/\/viknavel.ee\/ru\/#\/schema\/logo\/image\/\",\"url\":\"https:\/\/viknavel.ee\/wp-content\/uploads\/2021\/08\/logo_Viknavel-1.png\",\"contentUrl\":\"https:\/\/viknavel.ee\/wp-content\/uploads\/2021\/08\/logo_Viknavel-1.png\",\"width\":1464,\"height\":597,\"caption\":\"Viknavel O\u00dc\"},\"image\":{\"@id\":\"https:\/\/viknavel.ee\/ru\/#\/schema\/logo\/image\/\"}}]}<\/script>\n<!-- \/ Yoast SEO plugin. -->","yoast_head_json":{"title":"Tassi paaride 2tk kompl Kiss kuld ja must &#183; https:\/\/viknavel.ee","robots":{"index":"index","follow":"follow","max-snippet":"max-snippet:-1","max-image-preview":"max-image-preview:large","max-video-preview":"max-video-preview:-1"},"canonical":"https:\/\/viknavel.ee\/ru\/product\/tassi-paaride-2tk-kompl-kiss-kuld-ja-must\/","og_locale":"ru_RU","og_type":"article","og_title":"Tassi paaride 2tk kompl Kiss kuld ja must &#183; https:\/\/viknavel.ee","og_description":"Komplekt kahest tassist koos taldrikuga Gustav Klimti \"Suudlus\" musta ja kuldse disainiga. Need peened tassid, millel on mugav k\u00e4epide, mahutavad 250 ml. Suurep\u00e4rane kingitus paarile Pulma-aastap\u00e4evaks v\u00f5i S\u00f5brap\u00e4evaks!","og_url":"https:\/\/viknavel.ee\/ru\/product\/tassi-paaride-2tk-kompl-kiss-kuld-ja-must\/","og_site_name":"https:\/\/viknavel.ee","article_modified_time":"2026-02-20T11:10:44+00:00","og_image":[{"width":573,"height":400,"url":"https:\/\/viknavel.ee\/wp-content\/uploads\/2026\/02\/Tassi_paaride_-must_kuld-Viknavel.ee_.png","type":"image\/png"}],"twitter_card":"summary_large_image","schema":{"@context":"https:\/\/schema.org","@graph":[{"@type":"WebPage","@id":"https:\/\/viknavel.ee\/ru\/product\/tassi-paaride-2tk-kompl-kiss-kuld-ja-must\/","url":"https:\/\/viknavel.ee\/ru\/product\/tassi-paaride-2tk-kompl-kiss-kuld-ja-must\/","name":"Tassi paaride 2tk kompl Kiss kuld ja must &#183; https:\/\/viknavel.ee","isPartOf":{"@id":"https:\/\/viknavel.ee\/ru\/#website"},"primaryImageOfPage":{"@id":"https:\/\/viknavel.ee\/ru\/product\/tassi-paaride-2tk-kompl-kiss-kuld-ja-must\/#primaryimage"},"image":{"@id":"https:\/\/viknavel.ee\/ru\/product\/tassi-paaride-2tk-kompl-kiss-kuld-ja-must\/#primaryimage"},"thumbnailUrl":"https:\/\/viknavel.ee\/wp-content\/uploads\/2026\/02\/Tassi_paaride_-must_kuld-Viknavel.ee_.png","datePublished":"2026-02-20T10:44:55+00:00","dateModified":"2026-02-20T11:10:44+00:00","breadcrumb":{"@id":"https:\/\/viknavel.ee\/ru\/product\/tassi-paaride-2tk-kompl-kiss-kuld-ja-must\/#breadcrumb"},"inLanguage":"ru-RU","potentialAction":[{"@type":"ReadAction","target":["https:\/\/viknavel.ee\/ru\/product\/tassi-paaride-2tk-kompl-kiss-kuld-ja-must\/"]}]},{"@type":"ImageObject","inLanguage":"ru-RU","@id":"https:\/\/viknavel.ee\/ru\/product\/tassi-paaride-2tk-kompl-kiss-kuld-ja-must\/#primaryimage","url":"https:\/\/viknavel.ee\/wp-content\/uploads\/2026\/02\/Tassi_paaride_-must_kuld-Viknavel.ee_.png","contentUrl":"https:\/\/viknavel.ee\/wp-content\/uploads\/2026\/02\/Tassi_paaride_-must_kuld-Viknavel.ee_.png","width":573,"height":400},{"@type":"BreadcrumbList","@id":"https:\/\/viknavel.ee\/ru\/product\/tassi-paaride-2tk-kompl-kiss-kuld-ja-must\/#breadcrumb","itemListElement":[{"@type":"ListItem","position":1,"name":"\u0413\u043b\u0430\u0432\u043d\u0430\u044f \u0441\u0442\u0440\u0430\u043d\u0438\u0446\u0430","item":"https:\/\/viknavel.ee\/ru\/"},{"@type":"ListItem","position":2,"name":"\u041c\u0430\u0433\u0430\u0437\u0438\u043d","item":"https:\/\/viknavel.ee\/magazin\/"},{"@type":"ListItem","position":3,"name":"Tassi paaride 2tk kompl Kiss kuld ja must"}]},{"@type":"WebSite","@id":"https:\/\/viknavel.ee\/ru\/#website","url":"https:\/\/viknavel.ee\/ru\/","name":"https:\/\/viknavel.ee\/","description":"\u041f\u043e\u0434\u0430\u0440\u043a\u0438 \u044d\u043a\u0441\u043a\u043b\u044e\u0437\u0438\u0432\u043d\u044b\u0435","publisher":{"@id":"https:\/\/viknavel.ee\/ru\/#organization"},"potentialAction":[{"@type":"SearchAction","target":{"@type":"EntryPoint","urlTemplate":"https:\/\/viknavel.ee\/ru\/?s={search_term_string}"},"query-input":{"@type":"PropertyValueSpecification","valueRequired":true,"valueName":"search_term_string"}}],"inLanguage":"ru-RU"},{"@type":"Organization","@id":"https:\/\/viknavel.ee\/ru\/#organization","name":"Viknavel O\u00dc","url":"https:\/\/viknavel.ee\/ru\/","logo":{"@type":"ImageObject","inLanguage":"ru-RU","@id":"https:\/\/viknavel.ee\/ru\/#\/schema\/logo\/image\/","url":"https:\/\/viknavel.ee\/wp-content\/uploads\/2021\/08\/logo_Viknavel-1.png","contentUrl":"https:\/\/viknavel.ee\/wp-content\/uploads\/2021\/08\/logo_Viknavel-1.png","width":1464,"height":597,"caption":"Viknavel O\u00dc"},"image":{"@id":"https:\/\/viknavel.ee\/ru\/#\/schema\/logo\/image\/"}}]}},"_links":{"self":[{"href":"https:\/\/viknavel.ee\/ru\/wp-json\/wp\/v2\/product\/10399","targetHints":{"allow":["GET"]}}],"collection":[{"href":"https:\/\/viknavel.ee\/ru\/wp-json\/wp\/v2\/product"}],"about":[{"href":"https:\/\/viknavel.ee\/ru\/wp-json\/wp\/v2\/types\/product"}],"wp:featuredmedia":[{"embeddable":true,"href":"https:\/\/viknavel.ee\/ru\/wp-json\/wp\/v2\/media\/10400"}],"wp:attachment":[{"href":"https:\/\/viknavel.ee\/ru\/wp-json\/wp\/v2\/media?parent=10399"}],"wp:term":[{"taxonomy":"product_brand","embeddable":true,"href":"https:\/\/viknavel.ee\/ru\/wp-json\/wp\/v2\/product_brand?post=10399"},{"taxonomy":"product_cat","embeddable":true,"href":"https:\/\/viknavel.ee\/ru\/wp-json\/wp\/v2\/product_cat?post=10399"},{"taxonomy":"product_tag","embeddable":true,"href":"https:\/\/viknavel.ee\/ru\/wp-json\/wp\/v2\/product_tag?post=10399"}],"curies":[{"name":"wp","href":"https:\/\/api.w.org\/{rel}","templated":true}]}}