{"id":10472,"date":"2026-02-23T13:28:03","date_gmt":"2026-02-23T13:28:03","guid":{"rendered":"https:\/\/viknavel.ee\/?post_type=product&#038;p=10472"},"modified":"2026-02-23T13:28:03","modified_gmt":"2026-02-23T13:28:03","slug":"kaelkirjak-lamav","status":"publish","type":"product","link":"https:\/\/viknavel.ee\/en\/product\/kaelkirjak-lamav\/","title":{"rendered":"Kaelkirjak lamav"},"content":{"rendered":"","protected":false},"excerpt":{"rendered":"<p>Keraamikast k\u00e4sit\u00f6\u00f6na valminud helebee\u017e Aafrika kaelkirjak<\/p>\n<p>28*16*32 cm<\/p>\n<p>&nbsp;<\/p>\n","protected":false},"featured_media":10473,"template":"","meta":[],"product_brand":[],"product_cat":[216],"product_tag":[578,467,466],"class_list":{"0":"post-10472","1":"product","2":"type-product","3":"status-publish","4":"has-post-thumbnail","6":"product_cat-kaelkirjak","7":"product_tag-ak-keraamika","8":"product_tag-kasitoo","9":"product_tag-keraamika","11":"first","12":"instock","13":"sale","14":"shipping-taxable","15":"purchasable","16":"product-type-simple"},"yoast_head":"<!-- This site is optimized with the Yoast SEO plugin v27.1.1 - https:\/\/yoast.com\/product\/yoast-seo-wordpress\/ -->\n<title>Kaelkirjak lamav &#183; https:\/\/viknavel.ee<\/title>\n<meta name=\"robots\" content=\"index, follow, max-snippet:-1, max-image-preview:large, max-video-preview:-1\" \/>\n<link rel=\"canonical\" href=\"https:\/\/viknavel.ee\/en\/product\/kaelkirjak-lamav\/\" \/>\n<meta property=\"og:locale\" content=\"en_US\" \/>\n<meta property=\"og:type\" content=\"article\" \/>\n<meta property=\"og:title\" content=\"Kaelkirjak lamav &#183; https:\/\/viknavel.ee\" \/>\n<meta property=\"og:description\" content=\"Keraamikast k\u00e4sit\u00f6\u00f6na valminud helebee\u017e Aafrika kaelkirjak  28*16*32 cm  &nbsp;\" \/>\n<meta property=\"og:url\" content=\"https:\/\/viknavel.ee\/en\/product\/kaelkirjak-lamav\/\" \/>\n<meta property=\"og:site_name\" content=\"https:\/\/viknavel.ee\" \/>\n<meta property=\"og:image\" content=\"https:\/\/viknavel.ee\/wp-content\/uploads\/2026\/02\/Kaelkirjak_lamav_front-Viknavel.ee_.jpg\" \/>\n\t<meta property=\"og:image:width\" content=\"478\" \/>\n\t<meta property=\"og:image:height\" content=\"1000\" \/>\n\t<meta property=\"og:image:type\" content=\"image\/jpeg\" \/>\n<meta name=\"twitter:card\" content=\"summary_large_image\" \/>\n<script type=\"application\/ld+json\" class=\"yoast-schema-graph\">{\"@context\":\"https:\/\/schema.org\",\"@graph\":[{\"@type\":\"WebPage\",\"@id\":\"https:\/\/viknavel.ee\/en\/product\/kaelkirjak-lamav\/\",\"url\":\"https:\/\/viknavel.ee\/en\/product\/kaelkirjak-lamav\/\",\"name\":\"Kaelkirjak lamav &#183; https:\/\/viknavel.ee\",\"isPartOf\":{\"@id\":\"https:\/\/viknavel.ee\/en\/#website\"},\"primaryImageOfPage\":{\"@id\":\"https:\/\/viknavel.ee\/en\/product\/kaelkirjak-lamav\/#primaryimage\"},\"image\":{\"@id\":\"https:\/\/viknavel.ee\/en\/product\/kaelkirjak-lamav\/#primaryimage\"},\"thumbnailUrl\":\"https:\/\/viknavel.ee\/wp-content\/uploads\/2026\/02\/Kaelkirjak_lamav_front-Viknavel.ee_.jpg\",\"datePublished\":\"2026-02-23T13:28:03+00:00\",\"breadcrumb\":{\"@id\":\"https:\/\/viknavel.ee\/en\/product\/kaelkirjak-lamav\/#breadcrumb\"},\"inLanguage\":\"en-US\",\"potentialAction\":[{\"@type\":\"ReadAction\",\"target\":[\"https:\/\/viknavel.ee\/en\/product\/kaelkirjak-lamav\/\"]}]},{\"@type\":\"ImageObject\",\"inLanguage\":\"en-US\",\"@id\":\"https:\/\/viknavel.ee\/en\/product\/kaelkirjak-lamav\/#primaryimage\",\"url\":\"https:\/\/viknavel.ee\/wp-content\/uploads\/2026\/02\/Kaelkirjak_lamav_front-Viknavel.ee_.jpg\",\"contentUrl\":\"https:\/\/viknavel.ee\/wp-content\/uploads\/2026\/02\/Kaelkirjak_lamav_front-Viknavel.ee_.jpg\",\"width\":478,\"height\":1000,\"caption\":\"kaelkirjak_keraamika\"},{\"@type\":\"BreadcrumbList\",\"@id\":\"https:\/\/viknavel.ee\/en\/product\/kaelkirjak-lamav\/#breadcrumb\",\"itemListElement\":[{\"@type\":\"ListItem\",\"position\":1,\"name\":\"\u0413\u043b\u0430\u0432\u043d\u0430\u044f \u0441\u0442\u0440\u0430\u043d\u0438\u0446\u0430\",\"item\":\"https:\/\/viknavel.ee\/en\/\"},{\"@type\":\"ListItem\",\"position\":2,\"name\":\"Shop\",\"item\":\"https:\/\/viknavel.ee\/shop\/\"},{\"@type\":\"ListItem\",\"position\":3,\"name\":\"Kaelkirjak lamav\"}]},{\"@type\":\"WebSite\",\"@id\":\"https:\/\/viknavel.ee\/en\/#website\",\"url\":\"https:\/\/viknavel.ee\/en\/\",\"name\":\"https:\/\/viknavel.ee\/\",\"description\":\"\u041f\u043e\u0434\u0430\u0440\u043a\u0438 \u044d\u043a\u0441\u043a\u043b\u044e\u0437\u0438\u0432\u043d\u044b\u0435\",\"publisher\":{\"@id\":\"https:\/\/viknavel.ee\/en\/#organization\"},\"potentialAction\":[{\"@type\":\"SearchAction\",\"target\":{\"@type\":\"EntryPoint\",\"urlTemplate\":\"https:\/\/viknavel.ee\/en\/?s={search_term_string}\"},\"query-input\":{\"@type\":\"PropertyValueSpecification\",\"valueRequired\":true,\"valueName\":\"search_term_string\"}}],\"inLanguage\":\"en-US\"},{\"@type\":\"Organization\",\"@id\":\"https:\/\/viknavel.ee\/en\/#organization\",\"name\":\"Viknavel O\u00dc\",\"url\":\"https:\/\/viknavel.ee\/en\/\",\"logo\":{\"@type\":\"ImageObject\",\"inLanguage\":\"en-US\",\"@id\":\"https:\/\/viknavel.ee\/en\/#\/schema\/logo\/image\/\",\"url\":\"https:\/\/viknavel.ee\/wp-content\/uploads\/2021\/08\/logo_Viknavel-1.png\",\"contentUrl\":\"https:\/\/viknavel.ee\/wp-content\/uploads\/2021\/08\/logo_Viknavel-1.png\",\"width\":1464,\"height\":597,\"caption\":\"Viknavel O\u00dc\"},\"image\":{\"@id\":\"https:\/\/viknavel.ee\/en\/#\/schema\/logo\/image\/\"}}]}<\/script>\n<!-- \/ Yoast SEO plugin. -->","yoast_head_json":{"title":"Kaelkirjak lamav &#183; https:\/\/viknavel.ee","robots":{"index":"index","follow":"follow","max-snippet":"max-snippet:-1","max-image-preview":"max-image-preview:large","max-video-preview":"max-video-preview:-1"},"canonical":"https:\/\/viknavel.ee\/en\/product\/kaelkirjak-lamav\/","og_locale":"en_US","og_type":"article","og_title":"Kaelkirjak lamav &#183; https:\/\/viknavel.ee","og_description":"Keraamikast k\u00e4sit\u00f6\u00f6na valminud helebee\u017e Aafrika kaelkirjak  28*16*32 cm  &nbsp;","og_url":"https:\/\/viknavel.ee\/en\/product\/kaelkirjak-lamav\/","og_site_name":"https:\/\/viknavel.ee","og_image":[{"width":478,"height":1000,"url":"https:\/\/viknavel.ee\/wp-content\/uploads\/2026\/02\/Kaelkirjak_lamav_front-Viknavel.ee_.jpg","type":"image\/jpeg"}],"twitter_card":"summary_large_image","schema":{"@context":"https:\/\/schema.org","@graph":[{"@type":"WebPage","@id":"https:\/\/viknavel.ee\/en\/product\/kaelkirjak-lamav\/","url":"https:\/\/viknavel.ee\/en\/product\/kaelkirjak-lamav\/","name":"Kaelkirjak lamav &#183; https:\/\/viknavel.ee","isPartOf":{"@id":"https:\/\/viknavel.ee\/en\/#website"},"primaryImageOfPage":{"@id":"https:\/\/viknavel.ee\/en\/product\/kaelkirjak-lamav\/#primaryimage"},"image":{"@id":"https:\/\/viknavel.ee\/en\/product\/kaelkirjak-lamav\/#primaryimage"},"thumbnailUrl":"https:\/\/viknavel.ee\/wp-content\/uploads\/2026\/02\/Kaelkirjak_lamav_front-Viknavel.ee_.jpg","datePublished":"2026-02-23T13:28:03+00:00","breadcrumb":{"@id":"https:\/\/viknavel.ee\/en\/product\/kaelkirjak-lamav\/#breadcrumb"},"inLanguage":"en-US","potentialAction":[{"@type":"ReadAction","target":["https:\/\/viknavel.ee\/en\/product\/kaelkirjak-lamav\/"]}]},{"@type":"ImageObject","inLanguage":"en-US","@id":"https:\/\/viknavel.ee\/en\/product\/kaelkirjak-lamav\/#primaryimage","url":"https:\/\/viknavel.ee\/wp-content\/uploads\/2026\/02\/Kaelkirjak_lamav_front-Viknavel.ee_.jpg","contentUrl":"https:\/\/viknavel.ee\/wp-content\/uploads\/2026\/02\/Kaelkirjak_lamav_front-Viknavel.ee_.jpg","width":478,"height":1000,"caption":"kaelkirjak_keraamika"},{"@type":"BreadcrumbList","@id":"https:\/\/viknavel.ee\/en\/product\/kaelkirjak-lamav\/#breadcrumb","itemListElement":[{"@type":"ListItem","position":1,"name":"\u0413\u043b\u0430\u0432\u043d\u0430\u044f \u0441\u0442\u0440\u0430\u043d\u0438\u0446\u0430","item":"https:\/\/viknavel.ee\/en\/"},{"@type":"ListItem","position":2,"name":"Shop","item":"https:\/\/viknavel.ee\/shop\/"},{"@type":"ListItem","position":3,"name":"Kaelkirjak lamav"}]},{"@type":"WebSite","@id":"https:\/\/viknavel.ee\/en\/#website","url":"https:\/\/viknavel.ee\/en\/","name":"https:\/\/viknavel.ee\/","description":"\u041f\u043e\u0434\u0430\u0440\u043a\u0438 \u044d\u043a\u0441\u043a\u043b\u044e\u0437\u0438\u0432\u043d\u044b\u0435","publisher":{"@id":"https:\/\/viknavel.ee\/en\/#organization"},"potentialAction":[{"@type":"SearchAction","target":{"@type":"EntryPoint","urlTemplate":"https:\/\/viknavel.ee\/en\/?s={search_term_string}"},"query-input":{"@type":"PropertyValueSpecification","valueRequired":true,"valueName":"search_term_string"}}],"inLanguage":"en-US"},{"@type":"Organization","@id":"https:\/\/viknavel.ee\/en\/#organization","name":"Viknavel O\u00dc","url":"https:\/\/viknavel.ee\/en\/","logo":{"@type":"ImageObject","inLanguage":"en-US","@id":"https:\/\/viknavel.ee\/en\/#\/schema\/logo\/image\/","url":"https:\/\/viknavel.ee\/wp-content\/uploads\/2021\/08\/logo_Viknavel-1.png","contentUrl":"https:\/\/viknavel.ee\/wp-content\/uploads\/2021\/08\/logo_Viknavel-1.png","width":1464,"height":597,"caption":"Viknavel O\u00dc"},"image":{"@id":"https:\/\/viknavel.ee\/en\/#\/schema\/logo\/image\/"}}]}},"_links":{"self":[{"href":"https:\/\/viknavel.ee\/en\/wp-json\/wp\/v2\/product\/10472","targetHints":{"allow":["GET"]}}],"collection":[{"href":"https:\/\/viknavel.ee\/en\/wp-json\/wp\/v2\/product"}],"about":[{"href":"https:\/\/viknavel.ee\/en\/wp-json\/wp\/v2\/types\/product"}],"wp:featuredmedia":[{"embeddable":true,"href":"https:\/\/viknavel.ee\/en\/wp-json\/wp\/v2\/media\/10473"}],"wp:attachment":[{"href":"https:\/\/viknavel.ee\/en\/wp-json\/wp\/v2\/media?parent=10472"}],"wp:term":[{"taxonomy":"product_brand","embeddable":true,"href":"https:\/\/viknavel.ee\/en\/wp-json\/wp\/v2\/product_brand?post=10472"},{"taxonomy":"product_cat","embeddable":true,"href":"https:\/\/viknavel.ee\/en\/wp-json\/wp\/v2\/product_cat?post=10472"},{"taxonomy":"product_tag","embeddable":true,"href":"https:\/\/viknavel.ee\/en\/wp-json\/wp\/v2\/product_tag?post=10472"}],"curies":[{"name":"wp","href":"https:\/\/api.w.org\/{rel}","templated":true}]}}