{"id":9607,"date":"2021-12-11T14:59:04","date_gmt":"2021-12-11T14:59:04","guid":{"rendered":"https:\/\/viknavel.ee\/?page_id=9607"},"modified":"2021-12-21T09:08:48","modified_gmt":"2021-12-21T09:08:48","slug":"privacy-policy","status":"publish","type":"page","link":"https:\/\/viknavel.ee\/en\/privacy-policy\/","title":{"rendered":"Privacy Policy"},"content":{"rendered":"<p>Privacy Policy<\/p>\n<p>All of the client\u2019s personal data that has become known in the course of visiting the www.viknavel.ee online store<br \/>and making purchases shall be treated as confidential information.<br \/>Viknavel O\u00dc shall not disclose the data that has become known to a third party, if desired, the customer has the right <br \/>to request the deletion of his\/her data from Viknavel O\u00dc\u2019s database.<\/p>\n<p>PROCESSING OF PERSONAL DATA.<br \/>The person responsible for processing the personal data of www.viknavel.ee online store is:<br \/>Viknavel O\u00dc, registration number: 10959270, location: \u00d5ism\u00e4e tee 195, Tallinn 13517, Estonia. Tel: +37256354303,<br \/>and e-mail address: viknavel@hot.ee.<\/p>\n<p>What personal data is processed.<br \/>-name, surname, phone number and e-mail address,<br \/>-delivery address of the goods,<br \/>-bank account number,<br \/>-The cost of goods and services and data related to payments (purchase history),<br \/>-Data necessary to provide customer support.<\/p>\n<p>What is the purpose of personal data processing.<br \/>Personal data are used to manage customer orders and deliveries.<br \/>Purchase history data (purchase date, item, quantity, customer data) are used to compile an overview of<br \/>purchased goods and services,<br \/>as well as for analyzing customer preferences.<br \/>The bank account number is used for refunds to the customer.<br \/>Personal data such as email address, phone number, customer name are processed in order<br \/>In order to deal with issues related to products and services (customer support).<br \/>The IP address of the user of the online store or other network identifiers are processed in order to provide<br \/>a service by the online storeas part of the information society as well as for keeping statistics about the use of the Internet.<\/p>\n<p>Legal basis<br \/>The processing of personal data is carried out in order to perform the contract concluded with the customer.<br \/>Processing of personal data is carried out in order to comply with a legal obligation<br \/>(e.g., bookkeeping and consumer dispute resolution).<br \/>Receivers to whom personal data is transferred:<\/p>\n<p>*Itella Estonia O\u00dc: Loom\u00e4e tee 13, 75306, Lehmja k\u00fcla, Rae vald<br \/>* AS Eesti Post (Omniva), Pallasti 28, 10001 Tallinn<br \/>Personal data is given to the customer service of the e-shop for managing your purchases and purchase history, as well as for solving customer problems.<br \/>Name, phone number and e-mail address are given to the transport service provider chosen by the customer.<br \/>If it is an item delivered by courier, the customer\u2019s address is transmitted in addition to the contact information.<br \/>Personal data can be transmitted to information technology service providers,<br \/>if this is necessary for the functionality of the online store or the storage of data.<\/p>\n<p>Security and data access.<br \/>Personal data is stored on Zone Media servers located at L\u00f5\u00f5tsa 5, 11415 Tallinn.<br \/>The data can be forwarded to countries, which have been assessed by the European Commission as sufficiently secure,<br \/>and to companies in the United States, which have joined the general concept of the Privacy Shield.<br \/>The employees of the online store have access to the personal data and may view the personal data in order to<br \/>In order to deal with technical issues related to the use of online-shop and to provide customer support service.<br \/>The online store uses suitable physical, organizational and info-technological security measures to protect personal data from accidental <br \/>or unlawful destruction, loss, alteration or unauthorized access and disclosure.<br \/>The transfer of personal data to authorized processors of the online store (e.g. transport service provider and data storage)<br \/>is carried out on the basis of agreements concluded with the online-shop and the authorized processors.<br \/>When processing personal data, the authorized processors are obliged to ensure appropriate protection measures.<\/p>\n<p>Review and correction of personal data<br \/>You can review and correct the personal data in the online store user profile.<br \/>If you made a purchase without creating a user account, you can read the personal data<br \/>Customer Support, viknavel@hot.ee.<\/p>\n<p>Withdrawal of consent<br \/>If the processing of personal data is based on the Customer\u2019s consent, the Customer has the right to withdraw the consent,<br \/>by contacting customer support via e-mail: viknavel@hot.ee.<\/p>\n<p>Storing<br \/>When closing the customer account in the online store, the personal data are deleted, unless<br \/>If it is necessary to save such data for accounting purposes or to settle consumer disputes.<br \/>If an online store purchase is made without creating a customer account, the purchase history is stored for three years.<br \/>In the case of disputes related to payments and consumer claims, personal data is retained until<br \/>until the relevant claim has been satisfied or until the statute of limitations on the claim has expired.<br \/>Personal data required for accounting purposes is retained for seven years.<\/p>\n<p>Deleting<br \/>To delete personal data, you should contact customer service by e-mail: viknavel@hot.ee.<br \/>The answer to the deletion request is sent within one month at the latest, and the period of deletion of the data is also specified.<\/p>\n<p>Transferring<br \/>The answer to the application for data portability, submitted by e-mail, is sent no later than within one month.<br \/>Customer Service authenticates your identity and informs you about the data portability.<\/p>\n<p>Direct marketing communications<br \/>Email address and phone number are used to send direct marketing messages,<br \/>if the customer has agreed to it. If the customer does not wish to receive direct marketing messages,<br \/>indicate this when registering by clicking on the appropriate link.<br \/>Or contact customer support :viknavel@hot.ee<\/p>\n<p>Dispute Resolution<br \/>Disputes relating to the processing of personal data are resolved via the customer service viknavel@hot.ee<br \/>The supervisory authority is the Estonian Data Protection Inspectorate (info@aki.ee).<\/p>\n","protected":false},"excerpt":{"rendered":"<p>Privacy Policy All of the client\u2019s personal data that has become known in the course of visiting the www.viknavel.ee online<\/p>\n","protected":false},"author":1,"featured_media":0,"parent":0,"menu_order":0,"comment_status":"closed","ping_status":"open","template":"","meta":{"footnotes":""},"class_list":["post-9607","page","type-page","status-publish","hentry"],"yoast_head":"<!-- This site is optimized with the Yoast SEO plugin v27.1.1 - https:\/\/yoast.com\/product\/yoast-seo-wordpress\/ -->\n<title>Privacy Policy &#183; https:\/\/viknavel.ee<\/title>\n<meta name=\"robots\" content=\"index, follow, max-snippet:-1, max-image-preview:large, max-video-preview:-1\" \/>\n<link rel=\"canonical\" href=\"https:\/\/viknavel.ee\/en\/privacy-policy\/\" \/>\n<meta property=\"og:locale\" content=\"en_US\" \/>\n<meta property=\"og:type\" content=\"article\" \/>\n<meta property=\"og:title\" content=\"Privacy Policy &#183; https:\/\/viknavel.ee\" \/>\n<meta property=\"og:description\" content=\"Privacy Policy All of the client\u2019s personal data that has become known in the course of visiting the www.viknavel.ee online\" \/>\n<meta property=\"og:url\" content=\"https:\/\/viknavel.ee\/en\/privacy-policy\/\" \/>\n<meta property=\"og:site_name\" content=\"https:\/\/viknavel.ee\" \/>\n<meta property=\"article:modified_time\" content=\"2021-12-21T09:08:48+00:00\" \/>\n<meta property=\"og:image\" content=\"https:\/\/viknavel.ee\/wp-content\/uploads\/2021\/08\/logo_Viknavel-1.png\" \/>\n\t<meta property=\"og:image:width\" content=\"1464\" \/>\n\t<meta property=\"og:image:height\" content=\"597\" \/>\n\t<meta property=\"og:image:type\" content=\"image\/png\" \/>\n<meta name=\"twitter:card\" content=\"summary_large_image\" \/>\n<meta name=\"twitter:label1\" content=\"Est. reading time\" \/>\n\t<meta name=\"twitter:data1\" content=\"4 minutes\" \/>\n<script type=\"application\/ld+json\" class=\"yoast-schema-graph\">{\"@context\":\"https:\/\/schema.org\",\"@graph\":[{\"@type\":\"WebPage\",\"@id\":\"https:\/\/viknavel.ee\/en\/privacy-policy\/\",\"url\":\"https:\/\/viknavel.ee\/en\/privacy-policy\/\",\"name\":\"Privacy Policy &#183; https:\/\/viknavel.ee\",\"isPartOf\":{\"@id\":\"https:\/\/viknavel.ee\/en\/#website\"},\"datePublished\":\"2021-12-11T14:59:04+00:00\",\"dateModified\":\"2021-12-21T09:08:48+00:00\",\"breadcrumb\":{\"@id\":\"https:\/\/viknavel.ee\/en\/privacy-policy\/#breadcrumb\"},\"inLanguage\":\"en-US\",\"potentialAction\":[{\"@type\":\"ReadAction\",\"target\":[\"https:\/\/viknavel.ee\/en\/privacy-policy\/\"]}]},{\"@type\":\"BreadcrumbList\",\"@id\":\"https:\/\/viknavel.ee\/en\/privacy-policy\/#breadcrumb\",\"itemListElement\":[{\"@type\":\"ListItem\",\"position\":1,\"name\":\"\u0413\u043b\u0430\u0432\u043d\u0430\u044f \u0441\u0442\u0440\u0430\u043d\u0438\u0446\u0430\",\"item\":\"https:\/\/viknavel.ee\/en\/\"},{\"@type\":\"ListItem\",\"position\":2,\"name\":\"Privacy Policy\"}]},{\"@type\":\"WebSite\",\"@id\":\"https:\/\/viknavel.ee\/en\/#website\",\"url\":\"https:\/\/viknavel.ee\/en\/\",\"name\":\"https:\/\/viknavel.ee\/\",\"description\":\"\u041f\u043e\u0434\u0430\u0440\u043a\u0438 \u044d\u043a\u0441\u043a\u043b\u044e\u0437\u0438\u0432\u043d\u044b\u0435\",\"publisher\":{\"@id\":\"https:\/\/viknavel.ee\/en\/#organization\"},\"potentialAction\":[{\"@type\":\"SearchAction\",\"target\":{\"@type\":\"EntryPoint\",\"urlTemplate\":\"https:\/\/viknavel.ee\/en\/?s={search_term_string}\"},\"query-input\":{\"@type\":\"PropertyValueSpecification\",\"valueRequired\":true,\"valueName\":\"search_term_string\"}}],\"inLanguage\":\"en-US\"},{\"@type\":\"Organization\",\"@id\":\"https:\/\/viknavel.ee\/en\/#organization\",\"name\":\"Viknavel O\u00dc\",\"url\":\"https:\/\/viknavel.ee\/en\/\",\"logo\":{\"@type\":\"ImageObject\",\"inLanguage\":\"en-US\",\"@id\":\"https:\/\/viknavel.ee\/en\/#\/schema\/logo\/image\/\",\"url\":\"https:\/\/viknavel.ee\/wp-content\/uploads\/2021\/08\/logo_Viknavel-1.png\",\"contentUrl\":\"https:\/\/viknavel.ee\/wp-content\/uploads\/2021\/08\/logo_Viknavel-1.png\",\"width\":1464,\"height\":597,\"caption\":\"Viknavel O\u00dc\"},\"image\":{\"@id\":\"https:\/\/viknavel.ee\/en\/#\/schema\/logo\/image\/\"}}]}<\/script>\n<!-- \/ Yoast SEO plugin. -->","yoast_head_json":{"title":"Privacy Policy &#183; https:\/\/viknavel.ee","robots":{"index":"index","follow":"follow","max-snippet":"max-snippet:-1","max-image-preview":"max-image-preview:large","max-video-preview":"max-video-preview:-1"},"canonical":"https:\/\/viknavel.ee\/en\/privacy-policy\/","og_locale":"en_US","og_type":"article","og_title":"Privacy Policy &#183; https:\/\/viknavel.ee","og_description":"Privacy Policy All of the client\u2019s personal data that has become known in the course of visiting the www.viknavel.ee online","og_url":"https:\/\/viknavel.ee\/en\/privacy-policy\/","og_site_name":"https:\/\/viknavel.ee","article_modified_time":"2021-12-21T09:08:48+00:00","og_image":[{"width":1464,"height":597,"url":"https:\/\/viknavel.ee\/wp-content\/uploads\/2021\/08\/logo_Viknavel-1.png","type":"image\/png"}],"twitter_card":"summary_large_image","twitter_misc":{"Est. reading time":"4 minutes"},"schema":{"@context":"https:\/\/schema.org","@graph":[{"@type":"WebPage","@id":"https:\/\/viknavel.ee\/en\/privacy-policy\/","url":"https:\/\/viknavel.ee\/en\/privacy-policy\/","name":"Privacy Policy &#183; https:\/\/viknavel.ee","isPartOf":{"@id":"https:\/\/viknavel.ee\/en\/#website"},"datePublished":"2021-12-11T14:59:04+00:00","dateModified":"2021-12-21T09:08:48+00:00","breadcrumb":{"@id":"https:\/\/viknavel.ee\/en\/privacy-policy\/#breadcrumb"},"inLanguage":"en-US","potentialAction":[{"@type":"ReadAction","target":["https:\/\/viknavel.ee\/en\/privacy-policy\/"]}]},{"@type":"BreadcrumbList","@id":"https:\/\/viknavel.ee\/en\/privacy-policy\/#breadcrumb","itemListElement":[{"@type":"ListItem","position":1,"name":"\u0413\u043b\u0430\u0432\u043d\u0430\u044f \u0441\u0442\u0440\u0430\u043d\u0438\u0446\u0430","item":"https:\/\/viknavel.ee\/en\/"},{"@type":"ListItem","position":2,"name":"Privacy Policy"}]},{"@type":"WebSite","@id":"https:\/\/viknavel.ee\/en\/#website","url":"https:\/\/viknavel.ee\/en\/","name":"https:\/\/viknavel.ee\/","description":"\u041f\u043e\u0434\u0430\u0440\u043a\u0438 \u044d\u043a\u0441\u043a\u043b\u044e\u0437\u0438\u0432\u043d\u044b\u0435","publisher":{"@id":"https:\/\/viknavel.ee\/en\/#organization"},"potentialAction":[{"@type":"SearchAction","target":{"@type":"EntryPoint","urlTemplate":"https:\/\/viknavel.ee\/en\/?s={search_term_string}"},"query-input":{"@type":"PropertyValueSpecification","valueRequired":true,"valueName":"search_term_string"}}],"inLanguage":"en-US"},{"@type":"Organization","@id":"https:\/\/viknavel.ee\/en\/#organization","name":"Viknavel O\u00dc","url":"https:\/\/viknavel.ee\/en\/","logo":{"@type":"ImageObject","inLanguage":"en-US","@id":"https:\/\/viknavel.ee\/en\/#\/schema\/logo\/image\/","url":"https:\/\/viknavel.ee\/wp-content\/uploads\/2021\/08\/logo_Viknavel-1.png","contentUrl":"https:\/\/viknavel.ee\/wp-content\/uploads\/2021\/08\/logo_Viknavel-1.png","width":1464,"height":597,"caption":"Viknavel O\u00dc"},"image":{"@id":"https:\/\/viknavel.ee\/en\/#\/schema\/logo\/image\/"}}]}},"_links":{"self":[{"href":"https:\/\/viknavel.ee\/en\/wp-json\/wp\/v2\/pages\/9607","targetHints":{"allow":["GET"]}}],"collection":[{"href":"https:\/\/viknavel.ee\/en\/wp-json\/wp\/v2\/pages"}],"about":[{"href":"https:\/\/viknavel.ee\/en\/wp-json\/wp\/v2\/types\/page"}],"author":[{"embeddable":true,"href":"https:\/\/viknavel.ee\/en\/wp-json\/wp\/v2\/users\/1"}],"replies":[{"embeddable":true,"href":"https:\/\/viknavel.ee\/en\/wp-json\/wp\/v2\/comments?post=9607"}],"version-history":[{"count":2,"href":"https:\/\/viknavel.ee\/en\/wp-json\/wp\/v2\/pages\/9607\/revisions"}],"predecessor-version":[{"id":9730,"href":"https:\/\/viknavel.ee\/en\/wp-json\/wp\/v2\/pages\/9607\/revisions\/9730"}],"wp:attachment":[{"href":"https:\/\/viknavel.ee\/en\/wp-json\/wp\/v2\/media?parent=9607"}],"curies":[{"name":"wp","href":"https:\/\/api.w.org\/{rel}","templated":true}]}}